{"id":3,"date":"2025-04-25T18:45:36","date_gmt":"2025-04-25T18:45:36","guid":{"rendered":"https:\/\/mpexpressmechanic.com\/?page_id=3"},"modified":"2025-07-15T19:31:36","modified_gmt":"2025-07-15T19:31:36","slug":"privacy-policy-2","status":"publish","type":"page","link":"https:\/\/mpexpressmechanic.com\/es\/privacy-policy-2\/","title":{"rendered":"Pol\u00edtica de Privacidad."},"content":{"rendered":"<div class=\"wp-block-stackable-columns alignfull stk-block-columns stk-has-bottom-separator stk-block stk-cf247fd stk-block-background stk--has-background-overlay\" data-block-id=\"cf247fd\"><style>.stk-cf247fd {background-image:url(https:\/\/mpexpressmechanic.com\/wp-content\/uploads\/2025\/05\/6.png) !important;background-position:top left !important;background-repeat:no-repeat !important;padding-top:280px !important;padding-right:35px !important;padding-bottom:100px !important;padding-left:35px !important;margin-bottom:0px !important;}.stk-cf247fd:before{background-color:#000000 !important;opacity:0.7 !important;}.stk-cf247fd > .stk-separator__top svg{filter:drop-shadow(0px -100px 100px #000000) !important;}.stk-cf247fd > .stk-separator__bottom{transform:scaleX(-1) !important;}.stk-cf247fd > .stk-separator__bottom svg{fill:#d6d6d6 !important;filter:none !important;}.stk-cf247fd > .stk-separator__bottom .stk-separator__wrapper{height:128px !important;}@media screen and (max-width:999px){.stk-cf247fd {padding-top:180px !important;padding-bottom:100px !important;}}@media screen and (max-width:689px){.stk-cf247fd {background-position:center center !important;}}<\/style><div class=\"stk-row stk-inner-blocks stk-block-content stk-content-align stk-cf247fd-column\">\n<div class=\"wp-block-stackable-column stk-block-column stk-column stk-block stk-e1982c3\" data-v=\"4\" data-block-id=\"e1982c3\"><style>.stk-e1982c3-container{margin-top:0px !important;margin-right:0px !important;margin-bottom:0px !important;margin-left:0px !important;}<\/style><div class=\"stk-column-wrapper stk-block-column__content stk-container stk-e1982c3-container stk--no-background stk--no-padding\"><div class=\"stk-block-content stk-inner-blocks stk-e1982c3-inner-blocks\">\n<div class=\"wp-block-stackable-columns stk-block-columns stk-block stk-ef43748\" data-block-id=\"ef43748\"><style>.stk-ef43748 {margin-bottom:0px !important;}<\/style><div class=\"stk-row stk-inner-blocks stk-block-content stk-content-align stk-ef43748-column\">\n<div class=\"wp-block-stackable-column stk-block-column stk-column stk-block stk-1d93b9f\" data-v=\"4\" data-block-id=\"1d93b9f\"><style>.stk-1d93b9f-container{margin-top:0px !important;margin-right:0px !important;margin-bottom:0px !important;margin-left:0px !important;}<\/style><div class=\"stk-column-wrapper stk-block-column__content stk-container stk-1d93b9f-container stk--no-background stk--no-padding\"><div class=\"has-text-align-center has-text-align-center-tablet stk-block-content stk-inner-blocks stk-1d93b9f-inner-blocks\">\n<div class=\"wp-block-stackable-heading stk-block-heading stk-block-heading--v2 stk-block stk-436ce8b\" id=\"privacy-policy\" data-block-id=\"436ce8b\"><style>.stk-436ce8b {margin-bottom:20px !important;}.stk-436ce8b .stk-block-heading__text{text-shadow:0px 0px 43px var(--theme-palette-color-1, #2872fa) !important;font-size:70px !important;color:var(--theme-palette-color-8, #ffffff) !important;line-height:1.3em !important;font-weight:800 !important;}@media screen and (max-width:999px){.stk-436ce8b .stk-block-heading__text{font-size:50px !important;}}@media screen and (max-width:689px){.stk-436ce8b .stk-block-heading__text{font-size:30px !important;}}<\/style><h2 class=\"stk-block-heading__text has-text-color has-palette-color-8-color\">Pol\u00edtica de Privacidad.<\/h2><\/div>\n\n\n\n<div class=\"wp-block-stackable-text stk-block-text stk-block stk-ad51fb0\" data-block-id=\"ad51fb0\"><style>.stk-ad51fb0 {max-width:66% !important;min-width:auto !important;margin-right:auto !important;margin-bottom:40px !important;margin-left:auto !important;}.stk-ad51fb0 .stk-block-text__text{color:var(--theme-palette-color-8, #ffffff) !important;}@media screen and (max-width:999px){.stk-ad51fb0 {max-width:100% !important;min-width:auto !important;}}<\/style><p class=\"stk-block-text__text has-text-color has-palette-color-8-color\">Tu privacidad es importante para nosotros. Aqu\u00ed te explicamos c\u00f3mo manejamos tu informaci\u00f3n.<\/p><\/div>\n<\/div><\/div><\/div>\n<\/div><\/div>\n\n\n\n<div class=\"wp-block-stackable-spacer stk-block-spacer stk--hide-mobile stk--no-padding stk-block stk-f767593\" data-block-id=\"f767593\"><style>.stk-f767593 {height:150px !important;}@media screen and (max-width:999px){.stk-f767593 {height:100px !important;}}<\/style><\/div>\n<\/div><\/div><\/div>\n<\/div><div class=\"stk-separator stk-separator__bottom\"><div class=\"stk-separator__wrapper\"><svg xmlns=\"http:\/\/www.w3.org\/2000\/svg\" viewbox=\"0 0 1600 200\" class=\"stk-separator__layer-1\" preserveaspectratio=\"none\" aria-hidden=\"true\"><path class=\"slant-2_svg__st1\" d=\"M1610 39.2V209H-10V39.2l810 118.9 810-118.9z\"><\/path><\/svg><\/div><\/div><\/div>\n\n\n\n<div class=\"wp-block-stackable-spacer alignfull stk-block-spacer stk--no-padding stk-block stk-16cee6e\" data-block-id=\"16cee6e\"><style>.stk-16cee6e {height:120px !important;}@media screen and (max-width:999px){.stk-16cee6e {height:100px !important;}}<\/style><\/div>\n\n\n\n<p><strong>\u00daltima actualizaci\u00f3n<\/strong>: 5 de Mayo de 2025<\/p>\n\n\n\n<h2 class=\"wp-block-heading\">\u00bfQui\u00e9nes Somos?<\/h2>\n\n\n\n<p>MP Express Mechanic es un servicio m\u00f3vil de reparaci\u00f3n de autos con sede en Miami, FL. Esta pol\u00edtica de privacidad explica c\u00f3mo recopilamos, usamos y protegemos tu informaci\u00f3n personal a trav\u00e9s de nuestro sitio web.<\/p>\n\n\n\n<h2 class=\"wp-block-heading\">Informaci\u00f3n Que Recopilamos<\/h2>\n\n\n\n<p>Cuando utilizas nuestro sitio web, podemos recopilar la siguiente informaci\u00f3n personal:<\/p>\n\n\n\n<ul class=\"wp-block-list\">\n<li>Nombre<\/li>\n<\/ul>\n\n\n\n<ul class=\"wp-block-list\">\n<li>N\u00famero de tel\u00e9fono<\/li>\n<\/ul>\n\n\n\n<ul class=\"wp-block-list\">\n<li>Direcci\u00f3n de correo electr\u00f3nico<\/li>\n<\/ul>\n\n\n\n<ul class=\"wp-block-list\">\n<li>(Opcional) Descripciones de proyectos u otros detalles que proporciones<\/li>\n<\/ul>\n\n\n\n<p>Esta informaci\u00f3n se recopila a trav\u00e9s de formularios de contacto o solicitud de cotizaci\u00f3n.<\/p>\n\n\n\n<h2 class=\"wp-block-heading\">\u00bfC\u00f3mo Usamos Tu Informaci\u00f3n?<\/h2>\n\n\n\n<p>Usamos la informaci\u00f3n recopilada para:<\/p>\n\n\n\n<ul class=\"wp-block-list\">\n<li>Responder tus consultas o mensajes<\/li>\n<\/ul>\n\n\n\n<ul class=\"wp-block-list\">\n<li>Enviar cotizaciones o confirmaciones de servicio<\/li>\n<\/ul>\n\n\n\n<ul class=\"wp-block-list\">\n<li>Compartir actualizaciones, ofertas o contenido \u00fatil por correo electr\u00f3nico<\/li>\n<\/ul>\n\n\n\n<h2 class=\"wp-block-heading\">Contenido Incrustado De Otros Sitios Web<\/h2>\n\n\n\n<p>Este sitio puede incluir contenido incrustado (como videos, im\u00e1genes o art\u00edculos). El contenido incrustado de otros sitios se comporta de la misma manera que si el visitante hubiera accedido directamente a dicho sitio.<\/p>\n\n\n\n<h2 class=\"wp-block-heading\">\u00bfCon Qui\u00e9n Compartimos Tus Datos?<\/h2>\n\n\n\n<p>No vendemos tu informaci\u00f3n. Sin embargo, podemos compartir tus datos con servicios de terceros de confianza que nos ayudan a operar nuestro negocio, incluyendo:<\/p>\n\n\n\n<ul class=\"wp-block-list\">\n<li><a href=\"http:\/\/www.averygoodnew.com\" data-type=\"link\" data-id=\"www.averygoodnew.com\">A Very Good New <\/a>(nuestra plataforma de servicios digitales, que puede gestionar campa\u00f1as u otras funciones t\u00e9cnicas)<\/li>\n<\/ul>\n\n\n\n<p>Estos terceros siguen sus propias pol\u00edticas de privacidad y seguridad.<\/p>\n\n\n\n<h2 class=\"wp-block-heading\">\u00bfCu\u00e1nto Tiempo Conservamos Tus Datos?<\/h2>\n\n\n\n<p>Conservamos tu informaci\u00f3n personal solo el tiempo necesario para los fines descritos anteriormente. Implementamos medidas est\u00e1ndar de la industria para proteger tus datos contra accesos no autorizados o usos indebidos.<\/p>\n\n\n\n<h2 class=\"wp-block-heading\">Tus Derechos Sobre Tus Datos<\/h2>\n\n\n\n<p>Puedes darte de baja de nuestros correos electr\u00f3nicos promocionales en cualquier momento mediante el enlace de cancelaci\u00f3n de suscripci\u00f3n incluido en los correos.<br><br>Si deseas acceder, modificar o eliminar permanentemente tu informaci\u00f3n, puedes contactarnos a:<br>\ud83d\udce7 \u00a0<a href=\"mailto:info@averygoodnew.com\">info@averygoodnew.com<\/a><\/p>\n\n\n\n<h2 class=\"wp-block-heading\">Actualizaciones De Esta Pol\u00edtica<\/h2>\n\n\n\n<p>Podemos actualizar esta Pol\u00edtica de Privacidad ocasionalmente. La versi\u00f3n m\u00e1s reciente siempre estar\u00e1 disponible en esta p\u00e1gina con su fecha de vigencia.<\/p>\n\n\n\n<div class=\"wp-block-stackable-spacer alignfull stk-block-spacer stk--no-padding stk-block stk-9247a49\" data-block-id=\"9247a49\"><style>.stk-9247a49 {height:120px !important;}@media screen and (max-width:999px){.stk-9247a49 {height:100px !important;}}<\/style><\/div>","protected":false},"excerpt":{"rendered":"<p>Privacy Policy Your privacy matters to us. Here&#8217;s how we handle your data Last updated: May 5, 2025 Who We Are MP Express Mechanic is a mobile auto repair service based in Miami, FL. This privacy policy explains how we collect, use, and protect your personal information through our website. Information We Collect When you [&hellip;]<\/p>","protected":false},"author":1,"featured_media":0,"parent":0,"menu_order":0,"comment_status":"closed","ping_status":"closed","template":"","meta":{"footnotes":""},"class_list":["post-3","page","type-page","status-publish","hentry"],"blocksy_meta":{"has_hero_section":"disabled","content_style_source":"inherit","vertical_spacing_source":"custom","content_area_spacing":"none","content_style":"wide","styles_descriptor":{"styles":{"desktop":"","tablet":"","mobile":""},"google_fonts":[],"version":6}},"yoast_head":"<!-- This site is optimized with the Yoast SEO plugin v27.4 - https:\/\/yoast.com\/product\/yoast-seo-wordpress\/ -->\n<title>Privacy Policy - European car repair experts. Mobile service for home, work, or roadside.<\/title>\n<meta name=\"description\" content=\"Privacy Policy Your privacy matters to us. Here&#039;s how we handle your data Last updated: May 5, 2025 Who We Are MP Express Mechanic is a mobile auto repair\" \/>\n<meta name=\"robots\" content=\"index, follow, max-snippet:-1, max-image-preview:large, max-video-preview:-1\" \/>\n<link rel=\"canonical\" href=\"https:\/\/mpexpressmechanic.com\/es\/privacy-policy-2\/\" \/>\n<meta property=\"og:locale\" content=\"es_ES\" \/>\n<meta property=\"og:type\" content=\"article\" \/>\n<meta property=\"og:title\" content=\"Privacy Policy - European car repair experts. Mobile service for home, work, or roadside.\" \/>\n<meta property=\"og:description\" content=\"Privacy Policy Your privacy matters to us. Here&#039;s how we handle your data Last updated: May 5, 2025 Who We Are MP Express Mechanic is a mobile auto repair\" \/>\n<meta property=\"og:url\" content=\"https:\/\/mpexpressmechanic.com\/es\/privacy-policy-2\/\" \/>\n<meta property=\"og:site_name\" content=\"mpexpressmechanic.com\" \/>\n<meta property=\"article:modified_time\" content=\"2025-07-15T19:31:36+00:00\" \/>\n<meta property=\"og:image\" content=\"https:\/\/mpexpressmechanic.com\/wp-content\/uploads\/2025\/06\/car-battery-checking.jpg\" \/>\n\t<meta property=\"og:image:width\" content=\"1440\" \/>\n\t<meta property=\"og:image:height\" content=\"1440\" \/>\n\t<meta property=\"og:image:type\" content=\"image\/jpeg\" \/>\n<meta name=\"twitter:card\" content=\"summary_large_image\" \/>\n<meta name=\"twitter:label1\" content=\"Tiempo de lectura\" \/>\n\t<meta name=\"twitter:data1\" content=\"2 minutos\" \/>\n<script type=\"application\/ld+json\" class=\"yoast-schema-graph\">{\"@context\":\"https:\\\/\\\/schema.org\",\"@graph\":[{\"@type\":\"WebPage\",\"@id\":\"https:\\\/\\\/mpexpressmechanic.com\\\/privacy-policy-2\\\/\",\"url\":\"https:\\\/\\\/mpexpressmechanic.com\\\/privacy-policy-2\\\/\",\"name\":\"Privacy Policy - European car repair experts. Mobile service for home, work, or roadside.\",\"isPartOf\":{\"@id\":\"https:\\\/\\\/mpexpressmechanic.com\\\/#website\"},\"datePublished\":\"2025-04-25T18:45:36+00:00\",\"dateModified\":\"2025-07-15T19:31:36+00:00\",\"description\":\"Privacy Policy Your privacy matters to us. Here's how we handle your data Last updated: May 5, 2025 Who We Are MP Express Mechanic is a mobile auto repair\",\"breadcrumb\":{\"@id\":\"https:\\\/\\\/mpexpressmechanic.com\\\/privacy-policy-2\\\/#breadcrumb\"},\"inLanguage\":\"es\",\"potentialAction\":[{\"@type\":\"ReadAction\",\"target\":[\"https:\\\/\\\/mpexpressmechanic.com\\\/privacy-policy-2\\\/\"]}]},{\"@type\":\"BreadcrumbList\",\"@id\":\"https:\\\/\\\/mpexpressmechanic.com\\\/privacy-policy-2\\\/#breadcrumb\",\"itemListElement\":[{\"@type\":\"ListItem\",\"position\":1,\"name\":\"Home\",\"item\":\"https:\\\/\\\/mpexpressmechanic.com\\\/\"},{\"@type\":\"ListItem\",\"position\":2,\"name\":\"Privacy Policy\"}]},{\"@type\":\"WebSite\",\"@id\":\"https:\\\/\\\/mpexpressmechanic.com\\\/#website\",\"url\":\"https:\\\/\\\/mpexpressmechanic.com\\\/\",\"name\":\"M&P Express Mechanic\",\"description\":\"European car repair experts. Mobile service for home, work, or roadside.\",\"publisher\":{\"@id\":\"https:\\\/\\\/mpexpressmechanic.com\\\/#\\\/schema\\\/person\\\/1de2dd64657105bee6a7a122dd5dac46\"},\"potentialAction\":[{\"@type\":\"SearchAction\",\"target\":{\"@type\":\"EntryPoint\",\"urlTemplate\":\"https:\\\/\\\/mpexpressmechanic.com\\\/?s={search_term_string}\"},\"query-input\":{\"@type\":\"PropertyValueSpecification\",\"valueRequired\":true,\"valueName\":\"search_term_string\"}}],\"inLanguage\":\"es\"},{\"@type\":[\"Person\",\"Organization\"],\"@id\":\"https:\\\/\\\/mpexpressmechanic.com\\\/#\\\/schema\\\/person\\\/1de2dd64657105bee6a7a122dd5dac46\",\"name\":\"Marcos Palenzuela\",\"image\":{\"@type\":\"ImageObject\",\"inLanguage\":\"es\",\"@id\":\"https:\\\/\\\/mpexpressmechanic.com\\\/wp-content\\\/uploads\\\/2025\\\/05\\\/cropped-mpexpress-full-logo.png\",\"url\":\"https:\\\/\\\/mpexpressmechanic.com\\\/wp-content\\\/uploads\\\/2025\\\/05\\\/cropped-mpexpress-full-logo.png\",\"contentUrl\":\"https:\\\/\\\/mpexpressmechanic.com\\\/wp-content\\\/uploads\\\/2025\\\/05\\\/cropped-mpexpress-full-logo.png\",\"width\":512,\"height\":512,\"caption\":\"Marcos Palenzuela\"},\"logo\":{\"@id\":\"https:\\\/\\\/mpexpressmechanic.com\\\/wp-content\\\/uploads\\\/2025\\\/05\\\/cropped-mpexpress-full-logo.png\"},\"sameAs\":[\"https:\\\/\\\/mpexpressmechanic.com\",\"https:\\\/\\\/www.instagram.com\\\/palenzuela.taller\\\/\"]}]}<\/script>\n<!-- \/ Yoast SEO plugin. -->","yoast_head_json":{"title":"Privacy Policy - European car repair experts. Mobile service for home, work, or roadside.","description":"Privacy Policy Your privacy matters to us. Here's how we handle your data Last updated: May 5, 2025 Who We Are MP Express Mechanic is a mobile auto repair","robots":{"index":"index","follow":"follow","max-snippet":"max-snippet:-1","max-image-preview":"max-image-preview:large","max-video-preview":"max-video-preview:-1"},"canonical":"https:\/\/mpexpressmechanic.com\/es\/privacy-policy-2\/","og_locale":"es_ES","og_type":"article","og_title":"Privacy Policy - European car repair experts. Mobile service for home, work, or roadside.","og_description":"Privacy Policy Your privacy matters to us. Here's how we handle your data Last updated: May 5, 2025 Who We Are MP Express Mechanic is a mobile auto repair","og_url":"https:\/\/mpexpressmechanic.com\/es\/privacy-policy-2\/","og_site_name":"mpexpressmechanic.com","article_modified_time":"2025-07-15T19:31:36+00:00","og_image":[{"width":1440,"height":1440,"url":"https:\/\/mpexpressmechanic.com\/wp-content\/uploads\/2025\/06\/car-battery-checking.jpg","type":"image\/jpeg"}],"twitter_card":"summary_large_image","twitter_misc":{"Tiempo de lectura":"2 minutos"},"schema":{"@context":"https:\/\/schema.org","@graph":[{"@type":"WebPage","@id":"https:\/\/mpexpressmechanic.com\/privacy-policy-2\/","url":"https:\/\/mpexpressmechanic.com\/privacy-policy-2\/","name":"Privacy Policy - European car repair experts. Mobile service for home, work, or roadside.","isPartOf":{"@id":"https:\/\/mpexpressmechanic.com\/#website"},"datePublished":"2025-04-25T18:45:36+00:00","dateModified":"2025-07-15T19:31:36+00:00","description":"Privacy Policy Your privacy matters to us. Here's how we handle your data Last updated: May 5, 2025 Who We Are MP Express Mechanic is a mobile auto repair","breadcrumb":{"@id":"https:\/\/mpexpressmechanic.com\/privacy-policy-2\/#breadcrumb"},"inLanguage":"es","potentialAction":[{"@type":"ReadAction","target":["https:\/\/mpexpressmechanic.com\/privacy-policy-2\/"]}]},{"@type":"BreadcrumbList","@id":"https:\/\/mpexpressmechanic.com\/privacy-policy-2\/#breadcrumb","itemListElement":[{"@type":"ListItem","position":1,"name":"Home","item":"https:\/\/mpexpressmechanic.com\/"},{"@type":"ListItem","position":2,"name":"Privacy Policy"}]},{"@type":"WebSite","@id":"https:\/\/mpexpressmechanic.com\/#website","url":"https:\/\/mpexpressmechanic.com\/","name":"M&P Express Mechanic","description":"European car repair experts. Mobile service for home, work, or roadside.","publisher":{"@id":"https:\/\/mpexpressmechanic.com\/#\/schema\/person\/1de2dd64657105bee6a7a122dd5dac46"},"potentialAction":[{"@type":"SearchAction","target":{"@type":"EntryPoint","urlTemplate":"https:\/\/mpexpressmechanic.com\/?s={search_term_string}"},"query-input":{"@type":"PropertyValueSpecification","valueRequired":true,"valueName":"search_term_string"}}],"inLanguage":"es"},{"@type":["Person","Organization"],"@id":"https:\/\/mpexpressmechanic.com\/#\/schema\/person\/1de2dd64657105bee6a7a122dd5dac46","name":"Marcos Palenzuela","image":{"@type":"ImageObject","inLanguage":"es","@id":"https:\/\/mpexpressmechanic.com\/wp-content\/uploads\/2025\/05\/cropped-mpexpress-full-logo.png","url":"https:\/\/mpexpressmechanic.com\/wp-content\/uploads\/2025\/05\/cropped-mpexpress-full-logo.png","contentUrl":"https:\/\/mpexpressmechanic.com\/wp-content\/uploads\/2025\/05\/cropped-mpexpress-full-logo.png","width":512,"height":512,"caption":"Marcos Palenzuela"},"logo":{"@id":"https:\/\/mpexpressmechanic.com\/wp-content\/uploads\/2025\/05\/cropped-mpexpress-full-logo.png"},"sameAs":["https:\/\/mpexpressmechanic.com","https:\/\/www.instagram.com\/palenzuela.taller\/"]}]}},"_links":{"self":[{"href":"https:\/\/mpexpressmechanic.com\/es\/wp-json\/wp\/v2\/pages\/3","targetHints":{"allow":["GET"]}}],"collection":[{"href":"https:\/\/mpexpressmechanic.com\/es\/wp-json\/wp\/v2\/pages"}],"about":[{"href":"https:\/\/mpexpressmechanic.com\/es\/wp-json\/wp\/v2\/types\/page"}],"author":[{"embeddable":true,"href":"https:\/\/mpexpressmechanic.com\/es\/wp-json\/wp\/v2\/users\/1"}],"replies":[{"embeddable":true,"href":"https:\/\/mpexpressmechanic.com\/es\/wp-json\/wp\/v2\/comments?post=3"}],"version-history":[{"count":15,"href":"https:\/\/mpexpressmechanic.com\/es\/wp-json\/wp\/v2\/pages\/3\/revisions"}],"predecessor-version":[{"id":1581,"href":"https:\/\/mpexpressmechanic.com\/es\/wp-json\/wp\/v2\/pages\/3\/revisions\/1581"}],"wp:attachment":[{"href":"https:\/\/mpexpressmechanic.com\/es\/wp-json\/wp\/v2\/media?parent=3"}],"curies":[{"name":"wp","href":"https:\/\/api.w.org\/{rel}","templated":true}]}}